{"id":3680,"date":"2020-08-26T15:44:24","date_gmt":"2020-08-26T13:44:24","guid":{"rendered":"https:\/\/brillenweltweit.de\/?page_id=3680"},"modified":"2020-10-03T17:39:03","modified_gmt":"2020-10-03T15:39:03","slug":"entstehung","status":"publish","type":"page","link":"https:\/\/brillenweltweit.de\/fr\/start\/entstehung\/","title":{"rendered":"D\u00e9veloppement et contexte historique"},"content":{"rendered":"<div id=\"pl-3680\"  class=\"panel-layout\" ><div id=\"pg-3680-0\"  class=\"panel-grid panel-has-style\" ><div class=\"siteorigin-panels-stretch panel-row-style panel-row-style-for-3680-0\" data-stretch-type=\"full\" ><div id=\"pgc-3680-0-0\"  class=\"panel-grid-cell panel-grid-cell-mobile-last\" ><div id=\"panel-3680-0-0-0\" class=\"so-panel widget widget_siteorigin-panels-builder panel-first-child panel-last-child\" data-index=\"0\" ><div class=\"panel-widget-style panel-widget-style-for-3680-0-0-0\" ><div id=\"pl-w5f789b17579be\"  class=\"panel-layout\" ><div id=\"pg-w5f789b17579be-0\"  class=\"panel-grid panel-no-style\" ><div id=\"pgc-w5f789b17579be-0-0\"  class=\"panel-grid-cell\" ><div id=\"panel-w5f789b17579be-0-0-0\" class=\"so-panel widget widget_sow-editor panel-first-child panel-last-child\" data-index=\"0\" ><div\n\t\t\t\n\t\t\tclass=\"so-widget-sow-editor so-widget-sow-editor-base\"\n\t\t\t\n\t\t>\n<div class=\"siteorigin-widget-tinymce textwidget\">\n\t<p>Cette page n'est pr\u00e9sentement disponible qu'en allemand.<\/p>\n<\/div>\n<\/div><\/div><\/div><\/div><div id=\"pg-w5f789b17579be-1\"  class=\"panel-grid panel-no-style\" ><div id=\"pgc-w5f789b17579be-1-0\"  class=\"panel-grid-cell\" ><div id=\"panel-w5f789b17579be-1-0-0\" class=\"so-panel widget widget_sow-editor panel-first-child panel-last-child\" data-index=\"1\" ><div\n\t\t\t\n\t\t\tclass=\"so-widget-sow-editor so-widget-sow-editor-base\"\n\t\t\t\n\t\t><h3 class=\"widget-title\">Brille spenden \u2013 Sehen schenken<\/h3>\n<div class=\"siteorigin-widget-tinymce textwidget\">\n\t<p>116 Millionen Menschen sind nur deshalb seh&shy;behindert, weil ihnen eine Seh&shy;hilfe fehlt. 89&nbsp;% der Menschen mit Seh&shy;behinde&shy;rungen leben in den \u00e4rmsten L\u00e4ndern der Welt.<\/p>\n<p>Mit einem Einkommen von 1&nbsp;Dollar pro Tag kann man sich keine Brille leisten. Essen, Kleidung und ein Dach \u00fcber dem Kopf sind lebenswichtiger.<\/p>\n<p>Bereits in den 70er Jahren wurde von dem verstorbenen Koblenzer Apotheker Dr. Klaus Stephan Kiefer die Aktion \u201eBrille spenden&nbsp;\u2013 Sehen schenken\u201c gegr\u00fcndet. Mit seinem starken Willen und seiner Tat&shy;kraft hat er im Laufe seines Lebens \u00fcber 2&nbsp;Millionen Brillen gesammelt, auf&shy;gearbeitet und kosten&shy;los seh&shy;behin&shy;derten Menschen in der ganzen Welt zur Verf\u00fcgung gestellt. BrillenWeltweit ist eine Aktion des Deutschen Katho&shy;lischen Blinden&shy;werks&nbsp;e.V. mit DZI-Spendensiegel.<\/p>\n<p>BrillenWeltweit kn\u00fcpft an diese Tradition an und hat, durch Koope&shy;rationen mit Jobcenter und Organisa&shy;tionen vor Ort, Brillen&shy;projekte gegr\u00fcndet. Diese haben im Laufe des Jahres 2019 ca. 1&nbsp;Million Brillen angenommen. In zur Zeit 5&nbsp;Projekten mit \u00fcber 80&nbsp;Lang&shy;zeit&shy;arbeits&shy;losen und 6&nbsp;haupt&shy;amtlichen Team&shy;leitern werden diese Brillen gereinigt, aufge&shy;arbeitet, vermessen, regis&shy;triert und versand&shy;fertig verpackt. Diese Brillen&shy;projekte sind Europas gr\u00f6\u00dftes Recycling&shy;projekt f\u00fcr gebrauchte Brillen. Herr Johannes Klein ist der lang&shy;j\u00e4hrige Koordi&shy;nator und Augen&shy;optiker&shy;meister Carlo Wagner ist der fach&shy;liche Rat&shy;geber von BrillenWeltweit. Beide arbeiten ehrenamtlich.<\/p>\n<p><strong>Drei gute Taten erfolgen durch die Abgabe der alten Brille:<\/strong><\/p>\n<h2 id=\"guteTat1\">&nbsp;<br \/>1. Gute Tat<\/h2>\n<p><strong>Kostenlose Abgabe von Brillen an hilfsbed\u00fcrftige Sehhilfeempf\u00e4nger in der \u201eDritten&nbsp;Welt\u201c<\/strong><\/p>\n<p>Seit den 70er Jahren verteilt BrillenWeltweit kostenlose Brillen, durch gepr\u00fcfte Non-Profit-Organisationen, an hilfsbed\u00fcrfte Sehhilfeempf\u00e4nger.<\/p>\n<p>Menschen, die nur 1 Dollar am Tag verdienen, k\u00f6nnen sich keine Brillen leisten. Kinder k\u00f6nnen dank der kostenlosen Brillen wieder zur Schule gehen, weil sie Tafel und Heft endlich lesen k\u00f6nnen. Mehr Sehen bedeutet eine h\u00f6here Bildungsqualit\u00e4t f\u00fcr die berufliche Entwicklung der Kinder. Auch Analphabeten k\u00f6nnen Lesebrillen verwenden, da sie damit Insekten und Unrat aus Getreide und Reis aussortieren k\u00f6nnen. Auch Arbeiten am Webstuhl und sonstige handwerklichen T\u00e4tigkeiten im Nahbereich k\u00f6nnen wieder gemacht werden. Mit diesen Arbeiten kann wieder ein Beitrag zum Lebensunterhalt der Familie geleistet werden.<\/p>\n<h2 id=\"guteTat2\">&nbsp;<br \/>2. Gute Tat<\/h2>\n<p><strong>Langzeitarbeitslose werden integriert<\/strong><\/p>\n<p>In <a href=\"https:\/\/brillenweltweit.de\/fr\/start\/unsere-partner\/\">5 Brillenprojekten<\/a> sind 80 Langzeitarbeitslose und 6 hauptamtliche Teamleiter besch\u00e4ftigt. Zu 100 % werden in diesen Brillenprojekten getragene Brillen sortiert, gereinigt, aufgearbeitet, vermessen, registriert und zum Versand in die \u201eDritte Welt\u201c verpackt. Nicht die Arbeitsleistung steht im Vordergrund, sondern die Integration in die zuk\u00fcnftige Berufswelt ist das Ziel dieser Ma\u00dfnahmen. F\u00fcr weitere begleitende Ma\u00dfnahmen stehen die Teamleiter auch in pers\u00f6nlichen und situationsbedingten Fragen zur Verf\u00fcgung. Die hervorragenden Leistungen und Ergebnisse der Mitarbeiter in den Integrationsprojekten sind \u00e4u\u00dfert positiv. Die Qualit\u00e4t der abgegebenen Brillen ist hervorragend. Durch diese Ma\u00dfnahmen erg\u00e4nzen sich Integration und die Versorgung der Sehbehinderten.<\/p>\n<h2 id=\"guteTat3\">&nbsp;<br \/>3. Gute Tat<\/h2>\n<p><strong>Weniger M\u00fcll in der Restm\u00fclltonne<\/strong><\/p>\n<p>Durch die Wiederverwendung von vorhandenen Brillen werden Ressourcen geschont. Nicht mehr verwendbare Restmaterialien werden sortenrein recycelt.<\/p>\n<\/div>\n<\/div><\/div><\/div><\/div><\/div><\/div><\/div><\/div><div id=\"pgc-3680-0-1\"  class=\"panel-grid-cell panel-grid-cell-empty\" ><\/div><\/div><\/div><\/div>","protected":false},"excerpt":{"rendered":"<p>Cette page n&rsquo;est pr\u00e9sentement disponible qu&rsquo;en allemand. Brille spenden \u2013 Sehen schenken 116 Millionen Menschen sind nur deshalb seh&shy;behindert, weil ihnen eine Seh&shy;hilfe fehlt. 89&nbsp;% der Menschen mit Seh&shy;behinde&shy;rungen leben in den \u00e4rmsten L\u00e4ndern der Welt. Mit einem Einkommen von 1&nbsp;Dollar pro Tag kann man sich keine Brille leisten. Essen, Kleidung und ein Dach \u00fcber &hellip; <\/p>\n<p class=\"link-more\"><a href=\"https:\/\/brillenweltweit.de\/fr\/start\/entstehung\/\" class=\"more-link\">Continuer la lecture<span class=\"screen-reader-text\"> de &laquo;&nbsp;D\u00e9veloppement et contexte historique&nbsp;&raquo;<\/span><\/a><\/p>\n","protected":false},"author":1,"featured_media":0,"parent":3320,"menu_order":6,"comment_status":"closed","ping_status":"closed","template":"","meta":{"_locale":"fr_FR","_original_post":"https:\/\/brillenweltweit.de\/wp4S\/?page_id=424","footnotes":""},"class_list":["post-3680","page","type-page","status-publish","hentry","fr-FR"],"_links":{"self":[{"href":"https:\/\/brillenweltweit.de\/wp-json\/wp\/v2\/pages\/3680","targetHints":{"allow":["GET"]}}],"collection":[{"href":"https:\/\/brillenweltweit.de\/wp-json\/wp\/v2\/pages"}],"about":[{"href":"https:\/\/brillenweltweit.de\/wp-json\/wp\/v2\/types\/page"}],"author":[{"embeddable":true,"href":"https:\/\/brillenweltweit.de\/wp-json\/wp\/v2\/users\/1"}],"replies":[{"embeddable":true,"href":"https:\/\/brillenweltweit.de\/wp-json\/wp\/v2\/comments?post=3680"}],"version-history":[{"count":5,"href":"https:\/\/brillenweltweit.de\/wp-json\/wp\/v2\/pages\/3680\/revisions"}],"predecessor-version":[{"id":3935,"href":"https:\/\/brillenweltweit.de\/wp-json\/wp\/v2\/pages\/3680\/revisions\/3935"}],"up":[{"embeddable":true,"href":"https:\/\/brillenweltweit.de\/wp-json\/wp\/v2\/pages\/3320"}],"wp:attachment":[{"href":"https:\/\/brillenweltweit.de\/wp-json\/wp\/v2\/media?parent=3680"}],"curies":[{"name":"wp","href":"https:\/\/api.w.org\/{rel}","templated":true}]}}