{"id":3816,"date":"2020-09-02T18:16:54","date_gmt":"2020-09-02T16:16:54","guid":{"rendered":"https:\/\/brillenweltweit.de\/?page_id=3816"},"modified":"2020-09-02T18:16:54","modified_gmt":"2020-09-02T16:16:54","slug":"das-los-hat-entschieden","status":"publish","type":"page","link":"https:\/\/brillenweltweit.de\/es\/start\/das-los-hat-entschieden\/","title":{"rendered":"Das Los hat entschieden"},"content":{"rendered":"<div id=\"pl-3816\"  class=\"panel-layout\" ><div id=\"pg-3816-0\"  class=\"panel-grid panel-has-style\" ><div class=\"siteorigin-panels-stretch panel-row-style panel-row-style-for-3816-0\" data-stretch-type=\"full\" ><div id=\"pgc-3816-0-0\"  class=\"panel-grid-cell\" ><div id=\"panel-3816-0-0-0\" class=\"so-panel widget widget_siteorigin-panels-builder panel-first-child panel-last-child\" data-index=\"0\" ><div class=\"panel-widget-style panel-widget-style-for-3816-0-0-0\" ><div id=\"pl-w5f4fc576a54f3\"  class=\"panel-layout\" ><div id=\"pg-w5f4fc576a54f3-0\"  class=\"panel-grid panel-no-style\" ><div id=\"pgc-w5f4fc576a54f3-0-0\"  class=\"panel-grid-cell\" ><div id=\"panel-w5f4fc576a54f3-0-0-0\" class=\"so-panel widget widget_sow-editor panel-first-child panel-last-child\" data-index=\"0\" ><div class=\"panel-widget-style panel-widget-style-for-w5f4fc576a54f3-0-0-0\" ><div\n\t\t\t\n\t\t\tclass=\"so-widget-sow-editor so-widget-sow-editor-base\"\n\t\t\t\n\t\t><h3 class=\"widget-title\">Tue Gutes + berichte dar\u00fcber \u2013 Lichtblick Optik Goslar<\/h3>\n<div class=\"siteorigin-widget-tinymce textwidget\">\n\t<div class=\"siteorigin-widget-tinymce textwidget\">\n\tVielen Dank f\u00fcr die zahlreichen Einsendungen Ihrer Pressemitteilung zum Thema \u201eBrillen spenden \u2013 Sehen schenken\u201c.<\/p>\n<p>Das Los hat entschieden. Die neue Sammelbox aus Metall steht in K\u00fcrze bei der Firma <strong>Lichtblick Optik in 38690 Goslar<\/strong>.<\/p>\n<p>Wir bedanken uns herzlich auch bei dem Hersteller der Metall-Sammelbox <strong>JO-BA Bremen<\/strong> f\u00fcr ihre gro\u00dfz\u00fcgige Spende!<\/p>\n<p>\u201eTue Gutes und berichte dar\u00fcber\u201c sollte unser aller Anliegen sein, um Brillen-Spendern den richtigen Weg zu weisen, <strong>Drei Gute Taten<\/strong> zu vollbringen:<\/p>\n<ul>\n<li>1. Kostenlose Abgabe an Sehhilfebed\u00fcrftige<\/li>\n<li>2. Langzeitarbeitslose in Arbeit<\/li>\n<li>3. Weniger M\u00fcll in der Tonne<\/li>\n<\/ul>\n<\/div>\n<\/div>\n<\/div><\/div><\/div><\/div><div id=\"pgc-w5f4fc576a54f3-0-1\"  class=\"panel-grid-cell\" ><div id=\"panel-w5f4fc576a54f3-0-1-0\" class=\"so-panel widget widget_sow-editor panel-first-child panel-last-child\" data-index=\"1\" ><div class=\"panel-widget-style panel-widget-style-for-w5f4fc576a54f3-0-1-0\" ><div\n\t\t\t\n\t\t\tclass=\"so-widget-sow-editor so-widget-sow-editor-base\"\n\t\t\t\n\t\t>\n<div class=\"siteorigin-widget-tinymce textwidget\">\n\t<p>\t<img loading=\"lazy\" decoding=\"async\" src=\"https:\/\/brillenweltweit.de\/wp4S\/wp-content\/uploads\/2020\/07\/Jo-Ba-A-Foto-Sammelbox-300x695px.jpg\" alt=\"Brillen-Sammelbox aus Metall\" width=\"300\" height=\"695\" class=\"alignnone size-full wp-image-3261\" srcset=\"https:\/\/brillenweltweit.de\/wp4S\/wp-content\/uploads\/2020\/07\/Jo-Ba-A-Foto-Sammelbox-300x695px.jpg 300w, https:\/\/brillenweltweit.de\/wp4S\/wp-content\/uploads\/2020\/07\/Jo-Ba-A-Foto-Sammelbox-300x695px-129x300.jpg 129w\" sizes=\"auto, (max-width: 300px) 100vw, 300px\" \/><\/p>\n<\/div>\n<\/div><\/div><\/div><\/div><\/div><\/div><\/div><\/div><\/div><\/div><\/div><\/div>","protected":false},"excerpt":{"rendered":"<p>Tue Gutes + berichte dar\u00fcber \u2013 Lichtblick Optik Goslar Vielen Dank f\u00fcr die zahlreichen Einsendungen Ihrer Pressemitteilung zum Thema \u201eBrillen spenden \u2013 Sehen schenken\u201c. Das Los hat entschieden. Die neue Sammelbox aus Metall steht in K\u00fcrze bei der Firma Lichtblick Optik in 38690 Goslar. Wir bedanken uns herzlich auch bei dem Hersteller der Metall-Sammelbox JO-BA &hellip; <\/p>\n<p class=\"link-more\"><a href=\"https:\/\/brillenweltweit.de\/es\/start\/das-los-hat-entschieden\/\" class=\"more-link\">Continuar leyendo<span class=\"screen-reader-text\"> \u00abDas Los hat entschieden\u00bb<\/span><\/a><\/p>\n","protected":false},"author":1,"featured_media":0,"parent":3319,"menu_order":0,"comment_status":"closed","ping_status":"closed","template":"","meta":{"_locale":"es_ES","_original_post":"https:\/\/brillenweltweit.de\/wp4S\/?page_id=3811","footnotes":""},"class_list":["post-3816","page","type-page","status-publish","hentry","es-ES"],"_links":{"self":[{"href":"https:\/\/brillenweltweit.de\/wp-json\/wp\/v2\/pages\/3816","targetHints":{"allow":["GET"]}}],"collection":[{"href":"https:\/\/brillenweltweit.de\/wp-json\/wp\/v2\/pages"}],"about":[{"href":"https:\/\/brillenweltweit.de\/wp-json\/wp\/v2\/types\/page"}],"author":[{"embeddable":true,"href":"https:\/\/brillenweltweit.de\/wp-json\/wp\/v2\/users\/1"}],"replies":[{"embeddable":true,"href":"https:\/\/brillenweltweit.de\/wp-json\/wp\/v2\/comments?post=3816"}],"version-history":[{"count":2,"href":"https:\/\/brillenweltweit.de\/wp-json\/wp\/v2\/pages\/3816\/revisions"}],"predecessor-version":[{"id":3823,"href":"https:\/\/brillenweltweit.de\/wp-json\/wp\/v2\/pages\/3816\/revisions\/3823"}],"up":[{"embeddable":true,"href":"https:\/\/brillenweltweit.de\/wp-json\/wp\/v2\/pages\/3319"}],"wp:attachment":[{"href":"https:\/\/brillenweltweit.de\/wp-json\/wp\/v2\/media?parent=3816"}],"curies":[{"name":"wp","href":"https:\/\/api.w.org\/{rel}","templated":true}]}}