{"id":3654,"date":"2020-08-26T15:26:14","date_gmt":"2020-08-26T13:26:14","guid":{"rendered":"https:\/\/brillenweltweit.de\/?page_id=3654"},"modified":"2023-05-15T17:50:57","modified_gmt":"2023-05-15T15:50:57","slug":"impressum","status":"publish","type":"page","link":"https:\/\/brillenweltweit.de\/es\/start\/impressum\/","title":{"rendered":"Aviso legal"},"content":{"rendered":"<div id=\"pl-3654\"  class=\"panel-layout\" ><div id=\"pg-3654-0\"  class=\"panel-grid panel-has-style\" ><div class=\"siteorigin-panels-stretch panel-row-style panel-row-style-for-3654-0\" data-stretch-type=\"full\" ><div id=\"pgc-3654-0-0\"  class=\"panel-grid-cell\" ><div id=\"panel-3654-0-0-0\" class=\"so-panel widget widget_siteorigin-panels-builder panel-first-child panel-last-child\" data-index=\"0\" ><div class=\"panel-widget-style panel-widget-style-for-3654-0-0-0\" ><div id=\"pl-w64625413b36b2\"  class=\"panel-layout\" ><div id=\"pg-w64625413b36b2-0\"  class=\"panel-grid panel-no-style\" ><div id=\"pgc-w64625413b36b2-0-0\"  class=\"panel-grid-cell\" ><div id=\"panel-w64625413b36b2-0-0-0\" class=\"so-panel widget widget_sow-editor panel-first-child panel-last-child\" data-index=\"0\" ><div\n\t\t\t\n\t\t\tclass=\"so-widget-sow-editor so-widget-sow-editor-base\"\n\t\t\t\n\t\t>\n<div class=\"siteorigin-widget-tinymce textwidget\">\n\t<p>Esta p\u00e1gina est\u00e1 disponible solamente en alem\u00e1n<\/p>\n<p><strong>BRILLEN WELTWEIT<\/strong><\/p>\n<p><strong>Diensteanbieter<\/strong><br \/>\nDeutsches Katholisches Blindenwerk e. V.<br \/>\nGraurheindorfer Str. 151a<br \/>\n53117 Bonn<br \/>\nTelefon <a title=\"Telefonnummer des DKBW\" href=\"tel:+492285594910\">+49 (0)228 \/ 5 59 49 - 10<\/a><br \/>\nTelefax <a title=\"Faxnummer des DKBW\" href=\"tel:+492285594919\">+49 (0)228 \/ 5 59 49 - 19<\/a><br \/>\nE-Mail <a title=\"Mail an das DKBW\" href=\"&#109;&#x61;i&#108;&#x74;o&#58;&#x69;n&#x66;&#x6f;&#64;&#x64;k&#98;&#x77;&#46;&#100;&#x65;\">Mail an i&#110;&#102;&#x6f;&#x40;&#x64;kb&#119;&#46;&#x64;&#x65;<\/a><\/p>\n<p><strong>Vertretungsberechtigt<\/strong><\/p>\n<ul class=\"listeMehrAbstand\">\n<li>Herbert Foit<\/li>\n<li>Dr. Aleksander Pavkovic<\/li>\n<li>Gerlinde Gregori<\/li>\n<\/ul>\n<p style=\"margin-top: 2em;\"><strong>Vereinsregister<\/strong><br \/>\nAG Bonn VR 10626<\/p>\n<p><strong>Redaktionelle Verantwortung<\/strong><br \/>\nJohannes Klein<br \/>\nHochstra\u00dfe 117<br \/>\n56070 Koblenz<\/p>\n<p>Telefon <a href=\"tel:+4926120391598\">+49 (0) 261 - 20 39 15 98<\/a><br \/>\nMobil <a href=\"tel:+491795126760\">+49 (0) 179. 512 67 60<\/a><br \/>\nE-Mail <a class=\"mailto-link\" href=\"&#109;&#x61;&#105;&#x6c;&#116;&#x6f;&#58;&#x69;&#110;&#x66;&#111;&#x40;b&#x72;i&#x6c;l&#x65;n&#x77;e&#x6c;t&#119;&#x65;&#105;&#x74;&#46;&#x64;&#101;\" target=\"_blank\" rel=\"noopener noreferrer\">&#105;&#x6e;&#102;&#x6f;&#64;&#98;&#x72;&#105;&#x6c;l&#x65;n&#119;&#x65;&#108;&#x74;w&#x65;&#x69;&#116;&#x2e;d&#x65;<\/a><\/p>\n<p><strong>Informationen zur Online-Streitbeilegung<\/strong><\/p>\n<p>Die EU-Kommission hat eine Internetplattform zur Online-Beilegung von Streitigkeiten (sog. \u201eOS-Plattform\u201c) geschaffen. Die OS-Plattform dient als Anlaufstelle zur au\u00dfergerichtlichen Beilegung von Streitigkeiten, die aus Online-Dienstleistungsvertr\u00e4gen erwachsen. Die OS-Plattform wird unter dem folgenden Link erreicht: <a title=\"Link zur OS-Plattform, \u00f6ffnet in neuem Fenster\" href=\"http:\/\/ec.europa.eu\/consumers\/odr\" target=\"_blank\" rel=\"noopener noreferrer\">ec.europa.eu\/consumers\/odr<\/a>.<\/p>\n<p>Au\u00dfergerichtliche Streitschlichtung: Zur Teilnahme an einem Streitbeilegungsverfahren vor einer Verbraucherschlichtungsstelle nach dem \u201eGesetz \u00fcber die alternative Streitbeilegung in Verbrauchersachen (VSBG)\u201c sind wir nicht bereit und nicht verpflichtet.<\/p>\n<h2>Rechtlicher Hinweis:<\/h2>\n<p>Brillen Weltweit aktualisiert und pr\u00fcft die Informationen auf seinen Webseiten st\u00e4ndig. Trotz aller Sorgfalt k\u00f6nnen sich die Daten inzwischen ge\u00e4ndert haben. Eine Haftung oder Garantie f\u00fcr die Richtigkeit, Aktualit\u00e4t und Vollst\u00e4ndigkeit der zur Verf\u00fcgung gestellten Informationen kann daher nicht \u00fcbernommen werden. Gleiches gilt auch f\u00fcr alle anderen Webseiten, auf die mittels Hyperlink verwiesen wird. F\u00fcr den Inhalt der Webseiten, die aufgrund einer solchen Verbindung erreicht werden, sind wir nicht verantwortlich. Falls Sie durch eine Hyperlink auf eine rechtswidrige Seite gelangen sollten, bitten wir Sie uns via Email dar\u00fcber zu informieren. Wir werden nach Kenntnis den Link sofort entfernen. Inhalt und Gestaltung der Internet-Seiten sind urheberrechtlich gesch\u00fctzt. Eine Vervielf\u00e4ltigung der Seiten oder ihrer Inhalte bedarf der vorherigen schriftlichen Zustimmung von Johannes Klein.<\/p>\n<p>Unsere Aktion Brillen Weltweit ist der Gemeinn\u00fctzigkeit und der Nachhaltigkeit verpflichtet. Alle T\u00e4tigkeiten erfolgen ehrenamtlich und ohne Aufwandsentsch\u00e4digung. Unsere gesammelten Brillen und sonstige medizinische Hilfsmittel werden ausschlie\u00dflich f\u00fcr humanit\u00e4re Zwecke verwendet. Eine Abgabe erfolgt immer kostenlos. Die Empf\u00e4nger werden von uns gepr\u00fcft. Eine Abgabe von Brillen und sonstigen medizinischen Hilfsmitteln erfolgt ausschlie\u00dflich an Non-Profit Organisationen. So stellen wir sicher, dass unser Spenden nicht dem gewerblichen Kreislauf zugef\u00fcgt werden. Alle Kosten der Logistik bestreiten wir nur durch Spenden. Anfallende wertstoffhaltige Materialien, im Zuge der Be- und Verarbeitung entstanden, werden dem Recyclingkreislauf ordnungsgem\u00e4\u00df zugef\u00fchrt.<\/p>\n<\/div>\n<\/div><\/div><\/div><\/div><\/div><\/div><\/div><\/div><\/div><\/div><\/div>","protected":false},"excerpt":{"rendered":"<p>Esta p\u00e1gina est\u00e1 disponible solamente en alem\u00e1n BRILLEN WELTWEIT Diensteanbieter Deutsches Katholisches Blindenwerk e. V. Graurheindorfer Str. 151a 53117 Bonn Telefon +49 (0)228 \/ 5 59 49 &#8211; 10 Telefax +49 (0)228 \/ 5 59 49 &#8211; 19 E-Mail Mail an &#105;&#x6e;&#x66;&#111;&#x40;&#x64;k&#x62;&#x77;&#46;&#100;&#x65; Vertretungsberechtigt Herbert Foit Dr. Aleksander Pavkovic Gerlinde Gregori Vereinsregister AG Bonn VR 10626 &hellip; <\/p>\n<p class=\"link-more\"><a href=\"https:\/\/brillenweltweit.de\/es\/start\/impressum\/\" class=\"more-link\">Continuar leyendo<span class=\"screen-reader-text\"> \u00abAviso legal\u00bb<\/span><\/a><\/p>\n","protected":false},"author":1,"featured_media":0,"parent":3319,"menu_order":9,"comment_status":"closed","ping_status":"closed","template":"","meta":{"_locale":"es_ES","_original_post":"https:\/\/brillenweltweit.de\/wp4S\/?page_id=4","footnotes":""},"class_list":["post-3654","page","type-page","status-publish","hentry","es-ES"],"_links":{"self":[{"href":"https:\/\/brillenweltweit.de\/wp-json\/wp\/v2\/pages\/3654","targetHints":{"allow":["GET"]}}],"collection":[{"href":"https:\/\/brillenweltweit.de\/wp-json\/wp\/v2\/pages"}],"about":[{"href":"https:\/\/brillenweltweit.de\/wp-json\/wp\/v2\/types\/page"}],"author":[{"embeddable":true,"href":"https:\/\/brillenweltweit.de\/wp-json\/wp\/v2\/users\/1"}],"replies":[{"embeddable":true,"href":"https:\/\/brillenweltweit.de\/wp-json\/wp\/v2\/comments?post=3654"}],"version-history":[{"count":5,"href":"https:\/\/brillenweltweit.de\/wp-json\/wp\/v2\/pages\/3654\/revisions"}],"predecessor-version":[{"id":4851,"href":"https:\/\/brillenweltweit.de\/wp-json\/wp\/v2\/pages\/3654\/revisions\/4851"}],"up":[{"embeddable":true,"href":"https:\/\/brillenweltweit.de\/wp-json\/wp\/v2\/pages\/3319"}],"wp:attachment":[{"href":"https:\/\/brillenweltweit.de\/wp-json\/wp\/v2\/media?parent=3654"}],"curies":[{"name":"wp","href":"https:\/\/api.w.org\/{rel}","templated":true}]}}