{"id":3596,"date":"2020-08-24T15:40:13","date_gmt":"2020-08-24T13:40:13","guid":{"rendered":"https:\/\/brillenweltweit.de\/?page_id=3596"},"modified":"2020-08-26T16:36:48","modified_gmt":"2020-08-26T14:36:48","slug":"partnerpresse-es","status":"publish","type":"page","link":"https:\/\/brillenweltweit.de\/es\/start\/partnerpresse-es\/","title":{"rendered":"La Prensa de los socios"},"content":{"rendered":"<p>Los art\u00edculos siguientes est\u00e1n disponibles solamente en alem\u00e1n.<\/p>\n","protected":false},"excerpt":{"rendered":"<p>Los art\u00edculos siguientes est\u00e1n disponibles solamente en alem\u00e1n.<\/p>\n","protected":false},"author":1,"featured_media":0,"parent":3319,"menu_order":0,"comment_status":"closed","ping_status":"closed","template":"","meta":{"_locale":"es_ES","_original_post":"https:\/\/brillenweltweit.de\/wp4S\/?page_id=3593","footnotes":""},"class_list":["post-3596","page","type-page","status-publish","hentry","es-ES"],"_links":{"self":[{"href":"https:\/\/brillenweltweit.de\/wp-json\/wp\/v2\/pages\/3596","targetHints":{"allow":["GET"]}}],"collection":[{"href":"https:\/\/brillenweltweit.de\/wp-json\/wp\/v2\/pages"}],"about":[{"href":"https:\/\/brillenweltweit.de\/wp-json\/wp\/v2\/types\/page"}],"author":[{"embeddable":true,"href":"https:\/\/brillenweltweit.de\/wp-json\/wp\/v2\/users\/1"}],"replies":[{"embeddable":true,"href":"https:\/\/brillenweltweit.de\/wp-json\/wp\/v2\/comments?post=3596"}],"version-history":[{"count":2,"href":"https:\/\/brillenweltweit.de\/wp-json\/wp\/v2\/pages\/3596\/revisions"}],"predecessor-version":[{"id":3764,"href":"https:\/\/brillenweltweit.de\/wp-json\/wp\/v2\/pages\/3596\/revisions\/3764"}],"up":[{"embeddable":true,"href":"https:\/\/brillenweltweit.de\/wp-json\/wp\/v2\/pages\/3319"}],"wp:attachment":[{"href":"https:\/\/brillenweltweit.de\/wp-json\/wp\/v2\/media?parent=3596"}],"curies":[{"name":"wp","href":"https:\/\/api.w.org\/{rel}","templated":true}]}}