{"id":3578,"date":"2020-08-24T13:35:37","date_gmt":"2020-08-24T11:35:37","guid":{"rendered":"https:\/\/brillenweltweit.de\/?page_id=3578"},"modified":"2020-08-24T13:36:15","modified_gmt":"2020-08-24T11:36:15","slug":"presse-es","status":"publish","type":"page","link":"https:\/\/brillenweltweit.de\/es\/start\/presse-es\/","title":{"rendered":"La prensa"},"content":{"rendered":"<p>Los art\u00edculos siguientes est\u00e1n disponibles solamente en alem\u00e1n.<\/p>\n","protected":false},"excerpt":{"rendered":"<p>Los art\u00edculos siguientes est\u00e1n disponibles solamente en alem\u00e1n.<\/p>\n","protected":false},"author":1,"featured_media":0,"parent":3319,"menu_order":0,"comment_status":"closed","ping_status":"closed","template":"","meta":{"_locale":"es_ES","_original_post":"https:\/\/brillenweltweit.de\/wp4S\/?page_id=3570","footnotes":""},"class_list":["post-3578","page","type-page","status-publish","hentry","es-ES"],"_links":{"self":[{"href":"https:\/\/brillenweltweit.de\/wp-json\/wp\/v2\/pages\/3578","targetHints":{"allow":["GET"]}}],"collection":[{"href":"https:\/\/brillenweltweit.de\/wp-json\/wp\/v2\/pages"}],"about":[{"href":"https:\/\/brillenweltweit.de\/wp-json\/wp\/v2\/types\/page"}],"author":[{"embeddable":true,"href":"https:\/\/brillenweltweit.de\/wp-json\/wp\/v2\/users\/1"}],"replies":[{"embeddable":true,"href":"https:\/\/brillenweltweit.de\/wp-json\/wp\/v2\/comments?post=3578"}],"version-history":[{"count":2,"href":"https:\/\/brillenweltweit.de\/wp-json\/wp\/v2\/pages\/3578\/revisions"}],"predecessor-version":[{"id":3586,"href":"https:\/\/brillenweltweit.de\/wp-json\/wp\/v2\/pages\/3578\/revisions\/3586"}],"up":[{"embeddable":true,"href":"https:\/\/brillenweltweit.de\/wp-json\/wp\/v2\/pages\/3319"}],"wp:attachment":[{"href":"https:\/\/brillenweltweit.de\/wp-json\/wp\/v2\/media?parent=3578"}],"curies":[{"name":"wp","href":"https:\/\/api.w.org\/{rel}","templated":true}]}}