{"id":3738,"date":"2020-08-26T16:14:34","date_gmt":"2020-08-26T14:14:34","guid":{"rendered":"https:\/\/brillenweltweit.de\/?page_id=3738"},"modified":"2020-09-23T10:32:34","modified_gmt":"2020-09-23T08:32:34","slug":"paketaufkleber","status":"publish","type":"page","link":"https:\/\/brillenweltweit.de\/en\/start\/paketaufkleber\/","title":{"rendered":"Shipping label"},"content":{"rendered":"<div id=\"pl-3738\"  class=\"panel-layout\" ><div id=\"pg-3738-0\"  class=\"panel-grid panel-has-style\" ><div class=\"siteorigin-panels-stretch panel-row-style panel-row-style-for-3738-0\" data-stretch-type=\"full\" ><div id=\"pgc-3738-0-0\"  class=\"panel-grid-cell panel-grid-cell-mobile-last\" ><div class=\"panel-cell-style panel-cell-style-for-3738-0-0\" ><div id=\"panel-3738-0-0-0\" class=\"widget_text so-panel widget widget_custom_html panel-first-child panel-last-child\" data-index=\"0\" ><div class=\"widget_text paketFormular panel-widget-style panel-widget-style-for-3738-0-0-0\" ><div class=\"textwidget custom-html-widget\"><p>This page is available only in German.<\/p><\/div><\/div><\/div><\/div><\/div><div id=\"pgc-3738-0-1\"  class=\"panel-grid-cell panel-grid-cell-empty\" ><div class=\"panel-cell-style panel-cell-style-for-3738-0-1\" ><\/div><\/div><\/div><\/div><div id=\"pg-3738-1\"  class=\"panel-grid panel-has-style\" ><div class=\"siteorigin-panels-stretch panel-row-style panel-row-style-for-3738-1\" data-stretch-type=\"full\" ><div id=\"pgc-3738-1-0\"  class=\"panel-grid-cell panel-grid-cell-mobile-last\" ><div class=\"panel-cell-style panel-cell-style-for-3738-1-0\" ><div id=\"panel-3738-1-0-0\" class=\"widget_text so-panel widget widget_custom_html panel-first-child panel-last-child\" data-index=\"1\" ><div class=\"widget_text paketFormular panel-widget-style panel-widget-style-for-3738-1-0-0\" ><h3 class=\"widget-title\">Ich m\u00f6chte Brillen senden!<\/h3><div class=\"textwidget custom-html-widget\"><p><a href=\"https:\/\/brillenweltweit.de\/wp4S\/wp-content\/uploads\/2020\/02\/BW_Paketaufkleber2020.pdf\" target=\"_blank\" rel=\"noopener\" title=\"Link zum Paketvordruck, \u00f6ffnet in neuem Fenster\" ><img loading=\"lazy\" decoding=\"async\" src=\"https:\/\/brillenweltweit.de\/wp4S\/wp-content\/uploads\/2020\/04\/Vorschau-Paketaufkleber-300x222px.png\" alt=\"Vorschau Paketvordruck\" width=\"300\" height=\"222\" class=\"alignleft size-full wp-image-1667\" \/><\/a>Ein bereits an \u201eBrillen Weltweit\u201c adressierter <a href=\"https:\/\/brillenweltweit.de\/wp4S\/wp-content\/uploads\/2020\/02\/BW_Paketaufkleber2020.pdf\" target=\"_blank\" rel=\"noopener\" title=\"Link zum Paketvordruck, \u00f6ffnet in neuem Fenster\" >Paketvordruck<\/a> steht hier im PDF-Format zur Verf\u00fcgung. Ihre Absenderangaben k\u00f6nnen Sie in das PDF eintragen.<br \/>(<strong>Kein kostenloser Versand!<\/strong>)<\/p>\n\n<div style=\"clear: left; height: 20px;\"><\/div>\n<p><strong>Hinweis:<\/strong> Nicht immer l\u00e4sst sich das Formular am Bildschirm ausf\u00fcllen und mit Ihren Eingaben speichern. Dies ist abh\u00e4ngig vom verwendeten Browser.<\/p>\n\n<p class=\"keinAbstandNach clearBeide\" >Wir empfehlen daher, das PDF<\/p>\n<ul>\n \t<li>herunterzuladen: benutzen Sie bitte die rechte Maustaste (Ctrl-Mausklick auf Mac), und w\u00e4hlen Sie aus dem Kontextmen\u00fc \u201eZiel speichern unter\u201c<\/li>\n \t<li>in Acrobat\/Adobe Reader* zu \u00f6ffnen, auszuf\u00fcllen und zu speichern<\/li>\n \t<li>auszudrucken (W\u00e4hlen Sie im Druckfenster \u201eTats\u00e4chliche Gr\u00f6\u00dfe\u201c, <strong>nicht<\/strong> \u201eAnpassen\u201c!)<\/li>\n<\/ul>\n<p>Das Etikett k\u00f6nnen Sie entlang der gestrichelten Linie ausschneiden, auf Ihr P\u00e4ckchen\/Paket kleben und dieses zur Post bringen.<\/p>\n\n<p><strong>Vielen Dank!<\/strong><\/p>\n\n<p>* Den Adobe Reader k\u00f6nnen Sie kostenlos beim <a href=\"https:\/\/get.adobe.com\/de\/reader\/\" target=\"_blank\" rel=\"noopener\" title=\"Link zum Herunterladen des Adobe Reader, \u00f6ffnet in neuem Fenster\" >Hersteller herunterladen&nbsp;&gt;&gt;<\/a><\/p><\/div><\/div><\/div><\/div><\/div><div id=\"pgc-3738-1-1\"  class=\"panel-grid-cell panel-grid-cell-empty\" ><div class=\"panel-cell-style panel-cell-style-for-3738-1-1\" ><\/div><\/div><\/div><\/div><\/div>","protected":false},"excerpt":{"rendered":"<p>This page is available only in German.Ich m\u00f6chte Brillen senden!Ein bereits an \u201eBrillen Weltweit\u201c adressierter Paketvordruck steht hier im PDF-Format zur Verf\u00fcgung. Ihre Absenderangaben k\u00f6nnen Sie in das PDF eintragen.(Kein kostenloser Versand!) Hinweis: Nicht immer l\u00e4sst sich das Formular am Bildschirm ausf\u00fcllen und mit Ihren Eingaben speichern. Dies ist abh\u00e4ngig vom verwendeten Browser. Wir empfehlen &hellip; <\/p>\n<p class=\"link-more\"><a href=\"https:\/\/brillenweltweit.de\/en\/start\/paketaufkleber\/\" class=\"more-link\">Continue reading<span class=\"screen-reader-text\"> &#8220;Shipping label&#8221;<\/span><\/a><\/p>\n","protected":false},"author":1,"featured_media":0,"parent":3318,"menu_order":2,"comment_status":"closed","ping_status":"closed","template":"","meta":{"_locale":"en_US","_original_post":"https:\/\/brillenweltweit.de\/wp4S\/?page_id=1645","footnotes":""},"class_list":["post-3738","page","type-page","status-publish","hentry","en-US"],"_links":{"self":[{"href":"https:\/\/brillenweltweit.de\/wp-json\/wp\/v2\/pages\/3738","targetHints":{"allow":["GET"]}}],"collection":[{"href":"https:\/\/brillenweltweit.de\/wp-json\/wp\/v2\/pages"}],"about":[{"href":"https:\/\/brillenweltweit.de\/wp-json\/wp\/v2\/types\/page"}],"author":[{"embeddable":true,"href":"https:\/\/brillenweltweit.de\/wp-json\/wp\/v2\/users\/1"}],"replies":[{"embeddable":true,"href":"https:\/\/brillenweltweit.de\/wp-json\/wp\/v2\/comments?post=3738"}],"version-history":[{"count":5,"href":"https:\/\/brillenweltweit.de\/wp-json\/wp\/v2\/pages\/3738\/revisions"}],"predecessor-version":[{"id":3867,"href":"https:\/\/brillenweltweit.de\/wp-json\/wp\/v2\/pages\/3738\/revisions\/3867"}],"up":[{"embeddable":true,"href":"https:\/\/brillenweltweit.de\/wp-json\/wp\/v2\/pages\/3318"}],"wp:attachment":[{"href":"https:\/\/brillenweltweit.de\/wp-json\/wp\/v2\/media?parent=3738"}],"curies":[{"name":"wp","href":"https:\/\/api.w.org\/{rel}","templated":true}]}}