{"id":3700,"date":"2020-08-26T15:51:46","date_gmt":"2020-08-26T13:51:46","guid":{"rendered":"https:\/\/brillenweltweit.de\/?page_id=3700"},"modified":"2020-08-26T15:51:53","modified_gmt":"2020-08-26T13:51:53","slug":"kontakt","status":"publish","type":"page","link":"https:\/\/brillenweltweit.de\/en\/start\/kontakt\/","title":{"rendered":"Contact"},"content":{"rendered":"<div id=\"pl-3700\"  class=\"panel-layout\" ><div id=\"pg-3700-0\"  class=\"panel-grid panel-has-style\" ><div class=\"siteorigin-panels-stretch panel-row-style panel-row-style-for-3700-0\" data-stretch-type=\"full\" ><div id=\"pgc-3700-0-0\"  class=\"panel-grid-cell\" ><div id=\"panel-3700-0-0-0\" class=\"so-panel widget widget_siteorigin-panels-builder panel-first-child panel-last-child\" data-index=\"0\" ><div class=\"panel-widget-style panel-widget-style-for-3700-0-0-0\" ><div id=\"pl-w5f4668f2b9037\"  class=\"panel-layout\" ><div id=\"pg-w5f4668f2b9037-0\"  class=\"panel-grid panel-no-style\" ><div id=\"pgc-w5f4668f2b9037-0-0\"  class=\"panel-grid-cell\" ><div id=\"panel-w5f4668f2b9037-0-0-0\" class=\"so-panel widget widget_sow-editor panel-first-child panel-last-child\" data-index=\"0\" ><div\n\t\t\t\n\t\t\tclass=\"so-widget-sow-editor so-widget-sow-editor-base\"\n\t\t\t\n\t\t>\n<div class=\"siteorigin-widget-tinymce textwidget\">\n\t<p>This page is available only in German.<\/p>\n\n<div class=\"wpcf7 no-js\" id=\"wpcf7-f11-o1\" lang=\"de-DE\" dir=\"ltr\" data-wpcf7-id=\"11\">\n<div class=\"screen-reader-response\"><p role=\"status\" aria-live=\"polite\" aria-atomic=\"true\"><\/p> <ul><\/ul><\/div>\n<form action=\"\/en\/wp-json\/wp\/v2\/pages\/3700#wpcf7-f11-o1\" method=\"post\" class=\"wpcf7-form init\" aria-label=\"Kontaktformular\" novalidate=\"novalidate\" data-status=\"init\">\n<fieldset class=\"hidden-fields-container\"><input type=\"hidden\" name=\"_wpcf7\" value=\"11\" \/><input type=\"hidden\" name=\"_wpcf7_version\" value=\"6.1.5\" \/><input type=\"hidden\" name=\"_wpcf7_locale\" value=\"de_DE\" \/><input type=\"hidden\" name=\"_wpcf7_unit_tag\" value=\"wpcf7-f11-o1\" \/><input type=\"hidden\" name=\"_wpcf7_container_post\" value=\"0\" \/><input type=\"hidden\" name=\"_wpcf7_posted_data_hash\" value=\"\" \/>\n<\/fieldset>\n<p><strong>*<\/strong> zeigt ein Pflichtfeld an.\n<\/p>\n<p>Ihr Name*\n<\/p>\n<p><span class=\"wpcf7-form-control-wrap\" data-name=\"your-name\"><input size=\"40\" maxlength=\"400\" class=\"wpcf7-form-control wpcf7-text wpcf7-validates-as-required\" aria-required=\"true\" aria-invalid=\"false\" value=\"\" type=\"text\" name=\"your-name\" \/><\/span>\n<\/p>\n<p>Ihre E-Mail-Adresse*\n<\/p>\n<p><span class=\"wpcf7-form-control-wrap\" data-name=\"your-email\"><input size=\"40\" maxlength=\"400\" class=\"wpcf7-form-control wpcf7-email wpcf7-validates-as-required wpcf7-text wpcf7-validates-as-email\" aria-required=\"true\" aria-invalid=\"false\" value=\"\" type=\"email\" name=\"your-email\" \/><\/span>\n<\/p>\n<p>Betreff*\n<\/p>\n<p><span class=\"wpcf7-form-control-wrap\" data-name=\"your-subject\"><input size=\"40\" maxlength=\"400\" class=\"wpcf7-form-control wpcf7-text wpcf7-validates-as-required\" aria-required=\"true\" aria-invalid=\"false\" value=\"\" type=\"text\" name=\"your-subject\" \/><\/span>\n<\/p>\n<p>Ihre Nachricht\n<\/p>\n<p><span class=\"wpcf7-form-control-wrap\" data-name=\"your-message\"><textarea cols=\"40\" rows=\"10\" maxlength=\"2000\" class=\"wpcf7-form-control wpcf7-textarea\" aria-invalid=\"false\" name=\"your-message\"><\/textarea><\/span>\n<\/p>\n<p><span class=\"wpcf7-form-control-wrap\" data-name=\"einwilligung\"><span class=\"wpcf7-form-control wpcf7-checkbox wpcf7-validates-as-required\"><span class=\"wpcf7-list-item first last\"><input type=\"checkbox\" name=\"einwilligung[]\" value=\"Ich best\u00e4tige,\" \/><span class=\"wpcf7-list-item-label\">Ich best\u00e4tige,<\/span><\/span><\/span><\/span> dass mir die <a href=\"..\/impressum\/datenschutzerklaerung\/\">Datenschutzerkl\u00e4rung<\/a> bei der \u00dcbermittlung meiner Daten zur Verf\u00fcgung stand*.\n<\/p>\n<p><input class=\"wpcf7-form-control wpcf7-submit has-spinner\" type=\"submit\" value=\"Senden\" \/>\n<\/p><div class=\"wpcf7-response-output\" aria-hidden=\"true\"><\/div>\n<\/form>\n<\/div>\n\n<\/div>\n<\/div><\/div><\/div><\/div><\/div><\/div><\/div><\/div><\/div><\/div><\/div>","protected":false},"excerpt":{"rendered":"<p>This page is available only in German. * zeigt ein Pflichtfeld an. Ihr Name* Ihre E-Mail-Adresse* Betreff* Ihre Nachricht Ich best\u00e4tige, dass mir die Datenschutzerkl\u00e4rung bei der \u00dcbermittlung meiner Daten zur Verf\u00fcgung stand*.<\/p>\n","protected":false},"author":1,"featured_media":0,"parent":3318,"menu_order":7,"comment_status":"closed","ping_status":"closed","template":"","meta":{"_locale":"en_US","_original_post":"https:\/\/brillenweltweit.de\/wp4S\/?page_id=448","footnotes":""},"class_list":["post-3700","page","type-page","status-publish","hentry","en-US"],"_links":{"self":[{"href":"https:\/\/brillenweltweit.de\/wp-json\/wp\/v2\/pages\/3700","targetHints":{"allow":["GET"]}}],"collection":[{"href":"https:\/\/brillenweltweit.de\/wp-json\/wp\/v2\/pages"}],"about":[{"href":"https:\/\/brillenweltweit.de\/wp-json\/wp\/v2\/types\/page"}],"author":[{"embeddable":true,"href":"https:\/\/brillenweltweit.de\/wp-json\/wp\/v2\/users\/1"}],"replies":[{"embeddable":true,"href":"https:\/\/brillenweltweit.de\/wp-json\/wp\/v2\/comments?post=3700"}],"version-history":[{"count":3,"href":"https:\/\/brillenweltweit.de\/wp-json\/wp\/v2\/pages\/3700\/revisions"}],"predecessor-version":[{"id":3705,"href":"https:\/\/brillenweltweit.de\/wp-json\/wp\/v2\/pages\/3700\/revisions\/3705"}],"up":[{"embeddable":true,"href":"https:\/\/brillenweltweit.de\/wp-json\/wp\/v2\/pages\/3318"}],"wp:attachment":[{"href":"https:\/\/brillenweltweit.de\/wp-json\/wp\/v2\/media?parent=3700"}],"curies":[{"name":"wp","href":"https:\/\/api.w.org\/{rel}","templated":true}]}}