{"id":3648,"date":"2020-08-26T15:16:28","date_gmt":"2020-08-26T13:16:28","guid":{"rendered":"https:\/\/brillenweltweit.de\/?page_id=3648"},"modified":"2024-09-23T17:42:45","modified_gmt":"2024-09-23T15:42:45","slug":"datenschutzerklaerung","status":"publish","type":"page","link":"https:\/\/brillenweltweit.de\/en\/start\/impressum\/datenschutzerklaerung\/","title":{"rendered":"Privacy policy"},"content":{"rendered":"<div id=\"pl-3648\"  class=\"panel-layout\" ><div id=\"pg-3648-0\"  class=\"panel-grid panel-has-style\" ><div class=\"siteorigin-panels-stretch panel-row-style panel-row-style-for-3648-0\" data-stretch-type=\"full\" ><div id=\"pgc-3648-0-0\"  class=\"panel-grid-cell\" ><div id=\"panel-3648-0-0-0\" class=\"so-panel widget widget_siteorigin-panels-builder panel-first-child panel-last-child\" data-index=\"0\" ><div class=\"panel-widget-style panel-widget-style-for-3648-0-0-0\" ><div id=\"pl-w66f18c75cf978\"  class=\"panel-layout\" ><div id=\"pg-w66f18c75cf978-0\"  class=\"panel-grid panel-no-style\" ><div id=\"pgc-w66f18c75cf978-0-0\"  class=\"panel-grid-cell\" ><div id=\"panel-w66f18c75cf978-0-0-0\" class=\"so-panel widget widget_sow-editor panel-first-child panel-last-child\" data-index=\"0\" ><div\n\t\t\t\n\t\t\tclass=\"so-widget-sow-editor so-widget-sow-editor-base\"\n\t\t\t\n\t\t>\n<div class=\"siteorigin-widget-tinymce textwidget\">\n\t<p>This page is available only in German.<\/p>\n<p><strong>Inhaltsverzeichnis<\/strong><\/p>\n<ul>\n<li><a href=\"#informationen\">\u00a7\u00a01 Information \u00fcber die Erhebung personenbezogener Daten<\/a><\/li>\n<li><a href=\"#rechte\">\u00a7\u00a02 Ihre Rechte<\/a><\/li>\n<li><a href=\"#datenerhebung\">\u00a7\u00a03 Erhebung personenbezogener Daten<\/a><\/li>\n<li><a href=\"#weitere\">\u00a7\u00a04 Weitere Funktionen und Angebote unserer Website<\/a><\/li>\n<li><a href=\"#widerspruch\">\u00a7\u00a05 Widerspruch oder Widerruf gegen die Verarbeitung Ihrer Daten<\/a><\/li>\n<li><a href=\"#mailkontakt\">\u00a7\u00a06 Kontaktformulare und E-Mail-Kontakt<\/a><\/li>\n<li><a href=\"#spenden\">\u00a7\u00a07 Spendenformular<\/a><\/li>\n<li><a href=\"#videos\">\u00a7\u00a08 Einbindung von Videos<\/a><\/li>\n<\/ul>\n<p style=\"margin-top: 2em;\"><strong>Datenschutzerkl\u00e4rung<\/strong><\/p>\n<h2 id=\"informationen\">\u00a7\u00a01 Information \u00fcber die Erhebung personenbezogener Daten<\/h2>\n<p>Im Folgenden informieren wir \u00fcber die Erhebung personenbezogener Daten bei Nutzung unserer Website. Personenbezogene Daten sind alle Daten, die auf Sie pers\u00f6nlich beziehbar sind, z.\u2009B. Name, Adresse, E-Mail-Adressen, Nutzerverhalten.<\/p>\n<p>Rechtsgrundlage f\u00fcr diese Erkl\u00e4rung ist das Gesetz \u00fcber den Kirchlichen Datenschutz (KDG).<\/p>\n<p><strong>Verantwortlicher<\/strong> gem\u00e4\u00df \u00a7\u00a04 Nr. 9 KDG ist das<br \/>\nDeutsche Katholische Blindenwerk e. V.<br \/>\nGraurheindorfer Str. 151a<br \/>\n53117 Bonn<br \/>\nTelefon <a title=\"Telefonnummer des DKBW\" href=\"tel:+492285594910\">+49 (0)228 \/ 5 59 49 - 10<\/a><br \/>\nE-Mail: <a title=\"Mail an das DKBW\" href=\"&#109;&#x61;&#105;&#x6c;t&#x6f;:&#105;&#x6e;&#102;&#x6f;&#64;&#x64;k&#98;&#x77;&#46;&#x64;e\">Mail an &#105;n&#x66;o&#x40;&#100;&#x6b;&#98;&#x77;&#46;d&#x65;<\/a><\/p>\n<p>Falls wir f\u00fcr einzelne Funktionen unseres Angebots auf beauftragte Dienstleister zur\u00fcckgreifen, werden wir Sie untenstehend im Detail \u00fcber die jeweiligen Vorg\u00e4nge informieren. Dabei nennen wir auch die festgelegten Kriterien der Speicherdauer.<\/p>\n<h2 id=\"rechte\">\u00a7\u00a02 Ihre Rechte<\/h2>\n<ol class=\"zweiteEbene\">\n<li>Sie haben uns gegen\u00fcber folgende Rechte hinsichtlich der Sie betreffenden personenbezogenen Daten:\n<ol class=\"dritteEbene\">\n<li>Recht auf Auskunft,<\/li>\n<li>Recht auf Berichtigung oder L\u00f6schung,<\/li>\n<li>Recht auf Einschr\u00e4nkung der Verarbeitung,<\/li>\n<li>Recht auf Widerspruch gegen die Verarbeitung,<\/li>\n<li>Recht auf Daten\u00fcbertragbarkeit.<\/li>\n<\/ol>\n<\/li>\n<li>Sie haben zudem das Recht, sich bei einer Datenschutz-Aufsichtsbeh\u00f6rde \u00fcber die Verarbeitung Ihrer personenbezogenen Daten durch uns zu beschweren.<\/li>\n<\/ol>\n<h2 id=\"datenerhebung\">\u00a7\u00a03 Erhebung personenbezogener Daten<\/h2>\n<ol class=\"zweiteEbene\">\n<li>Bei einer informatorischen Nutzung der Website, d.\u00a0h. wenn Sie unsere Website lediglich betrachten und sich weder registrieren noch uns anderweitig Informationen \u00fcbermitteln, verarbeiten wir diejenigen personenbezogenen Daten, welche Ihr Browser an unseren Server \u00fcbermittelt (Protokolldaten). Die Verarbeitung ist erforderlich, um Ihnen unsere Website anzeigen und Stabilit\u00e4t und Sicherheit gew\u00e4hrleisten zu k\u00f6nnen. Es handelt sich um folgende Daten:\n<ol class=\"dritteEbene\">\n<li>IP-Adresse<\/li>\n<li>Datum und Uhrzeit der Anfrage<\/li>\n<li>Zeitzonendifferenz zur Greenwich Mean Time (GMT)<\/li>\n<li>Inhalt der Anforderung (konkrete Seite)<\/li>\n<li>Zugriffsstatus\/HTTP-Statuscode<\/li>\n<li>jeweils \u00fcbertragene Datenmenge<\/li>\n<li>Website, von der die Anforderung kommt<\/li>\n<li>Browser<\/li>\n<li>Betriebssystem und dessen Oberfl\u00e4che<\/li>\n<li>Sprache und Version der Browsersoftware<\/li>\n<\/ol>\n<p>Rechtsgrundlage f\u00fcr die Datenverarbeitung ist \u00a7\u00a06 Abs.\u00a01 lit.\u00a0g) KDG.<br \/>\nDie Speicherung dieser Daten erfolgt in anonymisierter Form. Bei IPv4-Adressen werden dabei die letzten beiden Bl\u00f6cke auf \u201e0\u201c gesetzt und bei IPv6-Adressen auf \u201e::\u201c. Damit ist ein R\u00fcckschluss auf den Besucher nicht mehr m\u00f6glich.<\/li>\n<li>Einsatz von CookiesZus\u00e4tzlich zu den zuvor genannten Daten werden bei Ihrer Nutzung unserer Website Cookies auf Ihrem Rechner gespeichert. Bei Cookies handelt es sich um kleine Textdateien, die auf Ihrer Festplatte dem von Ihnen verwendeten Browser zugeordnet gespeichert werden und durch welche der Stelle, die den Cookie setzt (hier durch uns), bestimmte Informationen zuflie\u00dfen. Cookies k\u00f6nnen keine Programme ausf\u00fchren oder Viren auf Ihren Computer \u00fcbertragen. Sie dienen dazu, das Internetangebot insgesamt nutzerfreundlicher und effektiver zu machen. Rechtsgrundlage f\u00fcr den Einsatz von Cookies ist \u00a7\u00a06 Abs.\u00a01 lit.\u00a0g) KDG.<br \/>\nDiese Website nutzt Browser Cookies, deren Umfang und Funktionsweise im Folgenden erl\u00e4utert werden:<\/p>\n<ol class=\"dritteEbene\">\n<li>Transiente Cookies. Diese werden automatisiert gel\u00f6scht, wenn Sie den Browser schlie\u00dfen. Dazu z\u00e4hlen insbesondere die Session-Cookies. Diese speichern eine sogenannte Session-ID, mit welcher sich verschiedene Anfragen Ihres Browsers der gemeinsamen Sitzung zuordnen lassen. Dadurch kann Ihr Rechner wiedererkannt werden, wenn Sie auf unsere Website zur\u00fcckkehren. Die Session-Cookies werden gel\u00f6scht, wenn Sie sich ausloggen oder den Browser schlie\u00dfen.<\/li>\n<li>Persistente Cookies. Diese werden automatisiert nach einer vorgegebenen Dauer gel\u00f6scht, die sich je nach Cookie unterscheiden kann. Sie k\u00f6nnen die Cookies in den Sicherheitseinstellungen Ihres Browsers jederzeit l\u00f6schen.<\/li>\n<\/ol>\n<p>Wir setzen ein Cookie ein, welches registriert, ob Sie unseren Cookie-Hinweis zur Kenntnis genommen haben. Hierbei handelt es sich um ein Session Cookie, welches automatisch gel\u00f6scht wird, wenn Sie die Seite schlie\u00dfen. Ferner finden Sie auf unserer Seite ein eingebundenes Video vom SWR. Wenn Sie dieses aufrufen, werden mehrere Cookies des SWR auf ihrem Rechner gespeichert. Mehr hierzu finden Sie unter <a href=\"#videos\">\u00a7\u00a08<\/a>.<br \/>\nWenn Sie keine Verarbeitung von Cookies w\u00fcnschen, k\u00f6nnen Sie Ihre Browser-Einstellung entsprechend Ihren W\u00fcnschen konfigurieren und z.\u2009B. die Annahme von Third-Party-Cookies oder allen Cookies ablehnen. Wir weisen Sie darauf hin, dass Sie eventuell nicht alle Funktionen dieser Website nutzen k\u00f6nnen.<\/li>\n<\/ol>\n<h2 id=\"weitere\">\u00a7\u00a04 Weitere Funktionen und Angebote unserer Website<\/h2>\n<ol class=\"zweiteEbene\">\n<li>Neben der rein informatorischen Nutzung unserer Website bieten wir verschiedene Leistungen an, die Sie bei Interesse nutzen k\u00f6nnen. Dazu m\u00fcssen Sie in der Regel weitere personenbezogene Daten angeben, die wir zur Erbringung der jeweiligen Leistung nutzen und f\u00fcr die die zuvor genannten Grunds\u00e4tze zur Datenverarbeitung gelten.<\/li>\n<li>Teilweise bedienen wir uns zur Verarbeitung Ihrer Daten externer Dienstleister. Diese wurden von uns sorgf\u00e4ltig ausgew\u00e4hlt und beauftragt, sind an unsere Weisungen gebunden und werden regelm\u00e4\u00dfig kontrolliert.<\/li>\n<li>Weiterhin k\u00f6nnen wir Ihre personenbezogenen Daten an Dritte weitergeben, wenn Aktionsteilnahmen, Gewinnspiele, Vertragsabschl\u00fcsse oder \u00e4hnliche Leistungen von uns gemeinsam mit Partnern angeboten werden. N\u00e4here Informationen hierzu erhalten Sie bei Angabe Ihrer personenbezogenen Daten bzw. untenstehend in der Beschreibung des Angebotes.<\/li>\n<li>Soweit unsere Dienstleister oder Partner ihren Sitz in einem Staat au\u00dferhalb des Europ\u00e4ischen Wirtschaftsraumen (EWR) haben, informieren wir Sie \u00fcber die Folgen dieses Umstands in der Beschreibung des Angebotes.<\/li>\n<\/ol>\n<h2 id=\"widerspruch\">\u00a7\u00a05 Widerspruch oder Widerruf gegen die Verarbeitung Ihrer Daten<\/h2>\n<ol class=\"zweiteEbene\">\n<li>Falls Sie eine Einwilligung zur Verarbeitung Ihrer Daten erteilt haben, k\u00f6nnen Sie diese jederzeit widerrufen. Ein solcher Widerruf beeinflusst die Zul\u00e4ssigkeit der Verarbeitung Ihrer personenbezogenen Daten, nachdem Sie ihn gegen\u00fcber uns ausgesprochen haben.<\/li>\n<li>Soweit wir die Verarbeitung Ihrer personenbezogenen Daten auf die Interessenabw\u00e4gung st\u00fctzen, k\u00f6nnen Sie Widerspruch gegen die Verarbeitung einlegen. Dies ist der Fall, wenn die Verarbeitung insbesondere nicht zur Erf\u00fcllung eines Vertrags mit Ihnen erforderlich ist, was von uns jeweils bei der nachfolgenden Beschreibung der Funktionen dargestellt wird. Bei Aus\u00fcbung eines solchen Widerspruchs bitten wir um Darlegung der Gr\u00fcnde, weshalb wir Ihre personenbezogenen Daten nicht wie von uns durchgef\u00fchrt verarbeiten sollten. Im Falle Ihres begr\u00fcndeten Widerspruchs pr\u00fcfen wir die Sachlage und werden entweder die Datenverarbeitung einstellen bzw. anpassen oder Ihnen unsere zwingenden schutzw\u00fcrdigen Gr\u00fcnde aufzeigen, aufgrund derer wir die Verarbeitung fortf\u00fchren.<\/li>\n<\/ol>\n<h2 id=\"mailkontakt\">\u00a7\u00a06 Kontaktformulare und E-Mail-Kontakt<\/h2>\n<ol class=\"zweiteEbene\">\n<li>Auf unserer Internetseite ist ein Kontaktformular vorhanden, welches f\u00fcr die elektronische Kontaktaufnahme genutzt werden kann. Au\u00dferdem unterhalten wir ein Formular, \u00fcber welches Sie sich als Brillen-Sammelstelle registrieren k\u00f6nnen.<\/li>\n<li>Nehmen Sie die M\u00f6glichkeit wahr, \u00fcber eines der Formulare mit uns in Kontakt zu treten, so werden zus\u00e4tzlich zu den in die Eingabemaske eingegeben Daten folgende weitere Daten an uns \u00fcbermittelt und gespeichert:\n<ol class=\"dritteEbene\">\n<li>Die IP-Adresse des Nutzers<\/li>\n<li>Datum und Uhrzeit der \u00dcbermittlung<\/li>\n<\/ol>\n<p>F\u00fcr die Verarbeitung der Daten wird im Rahmen des Absendevorgangs Ihre Einwilligung eingeholt und auf diese Datenschutzerkl\u00e4rung verwiesen.<\/li>\n<li>Alternativ ist eine Kontaktaufnahme \u00fcber die bereitgestellte E-Mail-Adresse m\u00f6glich. In diesem Fall werden die mit der E-Mail \u00fcbermittelten personenbezogenen Daten des Nutzers gespeichert.<\/li>\n<li>Eine Weitergabe Ihrer Daten an Dritte erfolgt nicht. Die Daten werden ausschlie\u00dflich f\u00fcr die Verarbeitung der Konversation verwendet.<\/li>\n<li>Rechtsgrundlage f\u00fcr die Verarbeitung der Daten ist bei Vorliegen einer Einwilligung \u00a7\u00a06 Abs.\u00a01 lit.\u00a0a) KDG. Rechtsgrundlage f\u00fcr die Verarbeitung der Daten, die im Zuge einer \u00dcbersendung einer E-Mail \u00fcbermittelt werden, ist \u00a7\u00a06 Abs.\u00a01 lit.\u00a0g) KDG. Zielt der E-Mail-Kontakt auf den Abschluss eines Vertrages ab, so ist zus\u00e4tzliche Rechtsgrundlage f\u00fcr die Verarbeitung \u00a7\u00a06 Abs.\u00a01 lit.\u00a0c) KDG.<\/li>\n<li>Die Daten werden gel\u00f6scht, sobald sie f\u00fcr die Erreichung des Zweckes ihrer Erhebung nicht mehr erforderlich sind. F\u00fcr die personenbezogenen Daten aus der Eingabemaske des Kontaktformulars und diejenigen, die per E-Mail \u00fcbersandt wurden, ist dies dann der Fall, wenn die jeweilige Konversation mit dem Nutzer beendet ist. Beendet ist die Konversation dann, wenn sich aus den Umst\u00e4nden entnehmen l\u00e4sst, dass der betroffene Sachverhalt abschlie\u00dfend gekl\u00e4rt ist. Wenn Sie sich als Brillensammelstelle registrieren, bleiben die Daten f\u00fcr die Dauer der Vertragsbeziehung und bis zum Ablauf etwaiger Verj\u00e4hrungsfristen gespeichert.<\/li>\n<li>Die w\u00e4hrend des Absendevorgangs zus\u00e4tzlich erhobenen personenbezogenen Daten werden sp\u00e4testens nach einer Frist von sieben Tagen gel\u00f6scht.<\/li>\n<\/ol>\n<h2 id=\"spenden\">\u00a7\u00a07 Spendenformular<\/h2>\n<ol class=\"zweiteEbene\">\n<li>Auf unserer Internetseite bieten wir Nutzern die M\u00f6glichkeit, online Spenden vorzunehmen.<\/li>\n<li>Nimmt ein Nutzer diese M\u00f6glichkeit wahr, werden die in das zugeh\u00f6rige Formular eingegebenen Daten an uns \u00fcbermittelt und gespeichert. Das Formular wird von der Bank f\u00fcr Sozialwirtschaft AG (\u201eBFS\u201c) bereitgestellt. Die eingegebenen Daten werden zur Ausf\u00fchrung des Spendenauftrags daher unmittelbar mit einer verschl\u00fcsselten SSL-Verbindung an die der BFS sowie die von der BFS zur Bereitstellung des Formulars eingesetzten technischen Dienstleister weitergegeben. Bei Zahlung mittels PayPal (Europe), S.\u00e0 r.l. et Cie, S.C.A., 22-24 Boulevard Royal, L-2449 Luxembourg, werden die von Ihnen bei PayPal hinterlegten Bankdaten von PayPal zur Zahlung verwendet. Auf diese Daten haben wir keinen Zugriff. Eine Weitergabe der Daten an sonstige Dritte findet nicht statt.<\/li>\n<li>Folgende Daten werden mit dem Formular erhoben:\n<ol class=\"dritteEbene\">\n<li>Vollst\u00e4ndiger Name (Nachname, Vorname) mit Anrede (optional Titel und Firmenbezeichnung); Anschrift (Stra\u00dfe, Hausnummer, Ort, Postleitzahl, Land); E-Mail-Adresse; Bankdaten (IBAN); Spendendaten (Spendenempf\u00e4nger, Betrag, Spenden-\/ Verwendungszweck, Spendenquittung gew\u00fcnscht)<\/li>\n<li>Zus\u00e4tzlich bei Spenden \u00fcber Kreditkarten: Kartentyp, Kartennummer, CVV-\/CVC- Pr\u00fcfnummer, G\u00fcltigkeitszeitraum der Kreditkarte<\/li>\n<\/ol>\n<\/li>\n<li>Wird eine Spendenquittung gew\u00fcnscht, verarbeiten wir die Daten, um eine entsprechende Spendenquittung auszustellen und zuzusenden.<\/li>\n<li>Die erhobenen Daten sind zur Aus- und Durchf\u00fchrung des Spendenauftrags erforderlich. Die E-Mail-Adresse des Nutzers wird ben\u00f6tigt, um den Eingang des Spendenauftrags zu best\u00e4tigen. F\u00fcr weitere Zwecke werden die Daten nicht verwendet. Rechtsgrundlage f\u00fcr die Verarbeitung der Daten ist Art.\u00a06 Abs.\u00a01 lit.\u00a0b) Datenschutz-Grundverordnung (DSGVO) in Bezug auf die BFS bzw. \u00a7\u00a06 Abs.\u00a01 lit.\u00a0c) KDG in Bezug auf uns.<\/li>\n<li>Im Zeitpunkt der Absendung des Formulars wird zudem die IP-Adresse des Nutzers gespeichert. Die IP-Adresse verwenden wir, um einen Missbrauch des Spendenformulars zu verhindern. Die IP-Adresse wird zum Zweck der Betrugspr\u00e4vention genutzt und um unberechtigte Transaktionen zum Schaden Dritter zu verhindern. Rechtgrundlage f\u00fcr die Verarbeitung der IP-Adresse ist \u00a7\u00a06 Abs.\u00a01 lit g) KDG.<\/li>\n<li>Die Daten werden gel\u00f6scht, sobald sie f\u00fcr die Erreichung des Zweckes ihrer Erhebung nicht mehr erforderlich sind. Bei den Bankdaten ist dies unmittelbar nach Einzug des Spendenbetrags der Fall. Die Adressdaten werden nach ggf. gew\u00fcnschter Erstellung und Zusendung einer Spendenquittung wie alle weiteren eingegeben Daten im Rahmen steuerrechtlicher Aufbewahrungspflichten gespeichert, dabei jedoch f\u00fcr jegliche andere Verwendung gesperrt. Die w\u00e4hrend des Absendevorgangs zus\u00e4tzlich erhobene IP-Adresse wird sp\u00e4testens nach einer Frist von sieben Tagen gel\u00f6scht.<\/li>\n<li>Der Nutzer hat jederzeit die M\u00f6glichkeit, der Verarbeitung der Daten zu widersprechen. Es ist allerdings zu beachten, dass bei einem Widerspruch der Spendenauftrag nicht mehr wie gew\u00fcnscht ausgef\u00fchrt werden kann.<\/li>\n<li>F\u00fcr die Nutzung der oben genannten Zahlungsdienste gelten die Gesch\u00e4ftsbedingungen und Datenschutzerkl\u00e4rungen der jeweiligen Anbieter. Hierauf weisen wir Sie vor Nutzung des jeweiligen Dienstes gesondert hin.\n<ol class=\"dritteEbene\">\n<li>Zur Datenschutzerkl\u00e4rung der BFS gelangen Sie \u00fcber den folgenden Link: <a title=\"Link zur Datenschutzerkl\u00e4rung der BfS, \u00f6ffnet in neuem Fenster\" href=\"https:\/\/www.sozialbank.de\/datenschutz\" target=\"_blank\" rel=\"noopener noreferrer\">www.sozialbank.de\/datenschutz<\/a><\/li>\n<li>Zur Datenschutzerkl\u00e4rung von PayPal gelangen Sie \u00fcber den folgenden Link: <a title=\"Link zur Datenschutzerkl\u00e4rung von Paypal, \u00f6ffnet in neuem Fenster\" href=\"https:\/\/www.paypal.com\/de\/webapps\/mpp\/ua\/privacy-full\" target=\"_blank\" rel=\"noopener noreferrer\">www.paypal.com\/de\/webapps\/mpp\/ua\/privacy-full<\/a><\/li>\n<\/ol>\n<\/li>\n<\/ol>\n<h2 id=\"videos\">\u00a7\u00a08 Einbindung von Videos<\/h2>\n<ol class=\"zweiteEbene\">\n<li>Wir haben in unser Online-Angebot ein Video des SWR eingebunden, welches auf <a title=\"Link zur Website des SWR, \u00f6ffnet in neuem Fenster\" href=\"http:\/\/www.swr.de\/\" target=\"_blank\" rel=\"noopener noreferrer\">www.swr.de<\/a> gespeichert und von unserer Website aus direkt abspielbar ist. Dieses ist im \u201eerweiterten Datenschutz-Modus\u201c eingebunden, d. h. dass keine Daten \u00fcber Sie als Nutzer an den SWR \u00fcbertragen werden, wenn Sie das Video nicht abspielen. Erst wenn Sie das Video abspielen, werden die in Absatz 2 genannten Daten \u00fcbertragen. Auf diese Daten\u00fcbertragung haben wir keinen Einfluss.<\/li>\n<li>Durch den Besuch auf der Website erh\u00e4lt der SWR die Information, dass Sie die entsprechende Unterseite unserer Website aufgerufen haben. Zudem werden die unter \u00a7\u00a03 dieser Erkl\u00e4rung genannten Daten \u00fcbermittelt.<\/li>\n<li>Weitere Informationen zu Zweck und Umfang der Datenerhebung und ihrer Verarbeitung durch den SWR erhalten Sie in dessen Datenschutzerkl\u00e4rung. Dort erhalten Sie auch weitere Informationen zu Ihren Rechten und Einstellungsm\u00f6glichkeiten zum Schutze Ihrer Privatsph\u00e4re: <a title=\"Link zur Datenschutzerkl\u00e4rung des SWR, \u00f6ffnet in neuem Fenster\" href=\"https:\/\/www.swr.de\/datenschutz\" target=\"_blank\" rel=\"noopener noreferrer\">www.swr.de\/datenschutz<\/a><\/li>\n<\/ol>\n<\/div>\n<\/div><\/div><\/div><\/div><\/div><\/div><\/div><\/div><\/div><\/div><\/div>","protected":false},"excerpt":{"rendered":"<p>This page is available only in German. Inhaltsverzeichnis \u00a7\u00a01 Information \u00fcber die Erhebung personenbezogener Daten \u00a7\u00a02 Ihre Rechte \u00a7\u00a03 Erhebung personenbezogener Daten \u00a7\u00a04 Weitere Funktionen und Angebote unserer Website \u00a7\u00a05 Widerspruch oder Widerruf gegen die Verarbeitung Ihrer Daten \u00a7\u00a06 Kontaktformulare und E-Mail-Kontakt \u00a7\u00a07 Spendenformular \u00a7\u00a08 Einbindung von Videos Datenschutzerkl\u00e4rung \u00a7\u00a01 Information \u00fcber die Erhebung personenbezogener &hellip; <\/p>\n<p class=\"link-more\"><a href=\"https:\/\/brillenweltweit.de\/en\/start\/impressum\/datenschutzerklaerung\/\" class=\"more-link\">Continue reading<span class=\"screen-reader-text\"> &#8220;Privacy policy&#8221;<\/span><\/a><\/p>\n","protected":false},"author":1,"featured_media":0,"parent":3653,"menu_order":0,"comment_status":"closed","ping_status":"closed","template":"","meta":{"_locale":"en_US","_original_post":"https:\/\/brillenweltweit.de\/wp4S\/?page_id=2025","footnotes":""},"class_list":["post-3648","page","type-page","status-publish","hentry","en-US"],"_links":{"self":[{"href":"https:\/\/brillenweltweit.de\/wp-json\/wp\/v2\/pages\/3648","targetHints":{"allow":["GET"]}}],"collection":[{"href":"https:\/\/brillenweltweit.de\/wp-json\/wp\/v2\/pages"}],"about":[{"href":"https:\/\/brillenweltweit.de\/wp-json\/wp\/v2\/types\/page"}],"author":[{"embeddable":true,"href":"https:\/\/brillenweltweit.de\/wp-json\/wp\/v2\/users\/1"}],"replies":[{"embeddable":true,"href":"https:\/\/brillenweltweit.de\/wp-json\/wp\/v2\/comments?post=3648"}],"version-history":[{"count":4,"href":"https:\/\/brillenweltweit.de\/wp-json\/wp\/v2\/pages\/3648\/revisions"}],"predecessor-version":[{"id":5341,"href":"https:\/\/brillenweltweit.de\/wp-json\/wp\/v2\/pages\/3648\/revisions\/5341"}],"up":[{"embeddable":true,"href":"https:\/\/brillenweltweit.de\/wp-json\/wp\/v2\/pages\/3653"}],"wp:attachment":[{"href":"https:\/\/brillenweltweit.de\/wp-json\/wp\/v2\/media?parent=3648"}],"curies":[{"name":"wp","href":"https:\/\/api.w.org\/{rel}","templated":true}]}}